{"id":34,"date":"2020-09-25T08:59:15","date_gmt":"2020-09-25T11:59:15","guid":{"rendered":"https:\/\/ti-qubit.com.br\/?page_id=34"},"modified":"2020-09-25T14:41:40","modified_gmt":"2020-09-25T17:41:40","slug":"a-tecnologia-levada-ao-ponto-de-excelencia","status":"publish","type":"page","link":"https:\/\/ti-qubit.com.br\/","title":{"rendered":"A Tecnologia levada ao ponto de excel\u00eancia"},"content":{"rendered":"\n<p class=\"has-cyan-bluish-gray-color has-text-color\">A uni\u00e3o objetiva das necessidades do cliente a uma rela\u00e7\u00e3o custo\/benef\u00edcio adequada aos requisitos de normas e criativa para crescimento futuro.<\/p>\n","protected":false},"excerpt":{"rendered":"<p>A uni\u00e3o objetiva das necessidades do cliente a uma rela\u00e7\u00e3o custo\/benef\u00edcio adequada aos requisitos de normas e criativa para crescimento futuro.<\/p>\n","protected":false},"author":1,"featured_media":0,"parent":0,"menu_order":0,"comment_status":"closed","ping_status":"closed","template":"","meta":{"footnotes":""},"class_list":["post-34","page","type-page","status-publish","hentry"],"_links":{"self":[{"href":"https:\/\/ti-qubit.com.br\/index.php\/wp-json\/wp\/v2\/pages\/34","targetHints":{"allow":["GET"]}}],"collection":[{"href":"https:\/\/ti-qubit.com.br\/index.php\/wp-json\/wp\/v2\/pages"}],"about":[{"href":"https:\/\/ti-qubit.com.br\/index.php\/wp-json\/wp\/v2\/types\/page"}],"author":[{"embeddable":true,"href":"https:\/\/ti-qubit.com.br\/index.php\/wp-json\/wp\/v2\/users\/1"}],"replies":[{"embeddable":true,"href":"https:\/\/ti-qubit.com.br\/index.php\/wp-json\/wp\/v2\/comments?post=34"}],"version-history":[{"count":2,"href":"https:\/\/ti-qubit.com.br\/index.php\/wp-json\/wp\/v2\/pages\/34\/revisions"}],"predecessor-version":[{"id":64,"href":"https:\/\/ti-qubit.com.br\/index.php\/wp-json\/wp\/v2\/pages\/34\/revisions\/64"}],"wp:attachment":[{"href":"https:\/\/ti-qubit.com.br\/index.php\/wp-json\/wp\/v2\/media?parent=34"}],"curies":[{"name":"wp","href":"https:\/\/api.w.org\/{rel}","templated":true}]}}