{"id":59,"date":"2020-09-25T13:34:33","date_gmt":"2020-09-25T16:34:33","guid":{"rendered":"https:\/\/ti-qubit.com.br\/?page_id=59"},"modified":"2020-09-25T15:48:48","modified_gmt":"2020-09-25T18:48:48","slug":"telecom","status":"publish","type":"page","link":"https:\/\/ti-qubit.com.br\/index.php\/telecom\/","title":{"rendered":"Telecom"},"content":{"rendered":"\n<h2 class=\"has-cyan-bluish-gray-color has-white-background-color has-text-color has-background has-normal-font-size wp-block-heading\">Estabelecer as melhores solu\u00e7\u00f5es corporativas para comunica\u00e7\u00e3o e melhoria na confiabilidade das atividades correlacionadas.<br>Criar metodologia para resolu\u00e7\u00e3o dos problemas de engenharia el\u00e9trica, TIC, seguran\u00e7a eletr\u00f4nica e automa\u00e7\u00e3o.<br>Fa\u00e7a como muitos clientes testando nossas solu\u00e7\u00f5es e obtendo ganho em escala.<br><br>Atuando no mercado desde 2000, mantemos um rela\u00e7\u00e3o de servi\u00e7os na \u00e1rea de telecomunica\u00e7\u00f5es, voltadas \u00e0 estrutura\u00e7\u00e3o de projetos de integra\u00e7\u00e3o de voz em centrais PABX, anal\u00f3gicas, digitais e telefonia IP tamb\u00e9m aproveitamento a base instalada. Analogamente tamb\u00e9m projetamos e instalamos sistemas de videoconfer\u00eancia, call center e CTI.<br>Somos parceiros da Cisco, Logitech &#8211; Lifesize, Avaya e WCS.<\/h2>\n","protected":false},"excerpt":{"rendered":"<p>Estabelecer as melhores solu\u00e7\u00f5es corporativas para comunica\u00e7\u00e3o e melhoria na confiabilidade das atividades correlacionadas.Criar metodologia para resolu\u00e7\u00e3o dos problemas de engenharia el\u00e9trica, TIC, seguran\u00e7a eletr\u00f4nica e automa\u00e7\u00e3o.Fa\u00e7a como muitos clientes testando nossas solu\u00e7\u00f5es e obtendo ganho em escala. Atuando no mercado desde 2000, mantemos um rela\u00e7\u00e3o de servi\u00e7os na \u00e1rea de telecomunica\u00e7\u00f5es, voltadas \u00e0 estrutura\u00e7\u00e3o &hellip; <\/p>\n<p class=\"link-more\"><a href=\"https:\/\/ti-qubit.com.br\/index.php\/telecom\/\" class=\"more-link\">Continue reading<span class=\"screen-reader-text\"> &#8220;Telecom&#8221;<\/span><\/a><\/p>\n","protected":false},"author":1,"featured_media":0,"parent":0,"menu_order":0,"comment_status":"closed","ping_status":"closed","template":"","meta":{"footnotes":""},"class_list":["post-59","page","type-page","status-publish","hentry"],"_links":{"self":[{"href":"https:\/\/ti-qubit.com.br\/index.php\/wp-json\/wp\/v2\/pages\/59","targetHints":{"allow":["GET"]}}],"collection":[{"href":"https:\/\/ti-qubit.com.br\/index.php\/wp-json\/wp\/v2\/pages"}],"about":[{"href":"https:\/\/ti-qubit.com.br\/index.php\/wp-json\/wp\/v2\/types\/page"}],"author":[{"embeddable":true,"href":"https:\/\/ti-qubit.com.br\/index.php\/wp-json\/wp\/v2\/users\/1"}],"replies":[{"embeddable":true,"href":"https:\/\/ti-qubit.com.br\/index.php\/wp-json\/wp\/v2\/comments?post=59"}],"version-history":[{"count":5,"href":"https:\/\/ti-qubit.com.br\/index.php\/wp-json\/wp\/v2\/pages\/59\/revisions"}],"predecessor-version":[{"id":104,"href":"https:\/\/ti-qubit.com.br\/index.php\/wp-json\/wp\/v2\/pages\/59\/revisions\/104"}],"wp:attachment":[{"href":"https:\/\/ti-qubit.com.br\/index.php\/wp-json\/wp\/v2\/media?parent=59"}],"curies":[{"name":"wp","href":"https:\/\/api.w.org\/{rel}","templated":true}]}}