{"id":71,"date":"2020-09-25T15:20:21","date_gmt":"2020-09-25T18:20:21","guid":{"rendered":"https:\/\/ti-qubit.com.br\/?page_id=71"},"modified":"2020-09-25T15:45:08","modified_gmt":"2020-09-25T18:45:08","slug":"cabeamento-ti-2","status":"publish","type":"page","link":"https:\/\/ti-qubit.com.br\/index.php\/cabeamento-ti-2\/","title":{"rendered":"Cabeamento &#038; TI"},"content":{"rendered":"\n<h2 class=\"has-cyan-bluish-gray-color has-white-background-color has-text-color has-background has-normal-font-size wp-block-heading\">Os servi\u00e7os da \u00e1rea de cabeamento tem como orientador b\u00e1sico as normas nacionais e internacionais, tais como ABNT 14565, ANSI\/EIA\/TIA 568-B2, ANSI\/EIA\/TIA 569, ANSI\/EIA\/TIA 606, ANSI\/EIA\/TIA 607, IEC 11801. J\u00e1 desenvolvemos projetos para redes de 6500 pontos entre outros. J\u00e1 atendemos clientes como TRF &#8211; Tribunal Regional Federal, Caixa Econ\u00f4mica Federal, Caloi.<br>Somos parceiros da Tyco-AMP, Furukawa e Panduit.<\/h2>\n\n\n\n<p><\/p>\n","protected":false},"excerpt":{"rendered":"<p>Os servi\u00e7os da \u00e1rea de cabeamento tem como orientador b\u00e1sico as normas nacionais e internacionais, tais como ABNT 14565, ANSI\/EIA\/TIA 568-B2, ANSI\/EIA\/TIA 569, ANSI\/EIA\/TIA 606, ANSI\/EIA\/TIA 607, IEC 11801. J\u00e1 desenvolvemos projetos para redes de 6500 pontos entre outros. J\u00e1 atendemos clientes como TRF &#8211; Tribunal Regional Federal, Caixa Econ\u00f4mica Federal, Caloi.Somos parceiros da Tyco-AMP, &hellip; <\/p>\n<p class=\"link-more\"><a href=\"https:\/\/ti-qubit.com.br\/index.php\/cabeamento-ti-2\/\" class=\"more-link\">Continue reading<span class=\"screen-reader-text\"> &#8220;Cabeamento &#038; TI&#8221;<\/span><\/a><\/p>\n","protected":false},"author":1,"featured_media":0,"parent":0,"menu_order":0,"comment_status":"closed","ping_status":"closed","template":"","meta":{"footnotes":""},"class_list":["post-71","page","type-page","status-publish","hentry"],"_links":{"self":[{"href":"https:\/\/ti-qubit.com.br\/index.php\/wp-json\/wp\/v2\/pages\/71","targetHints":{"allow":["GET"]}}],"collection":[{"href":"https:\/\/ti-qubit.com.br\/index.php\/wp-json\/wp\/v2\/pages"}],"about":[{"href":"https:\/\/ti-qubit.com.br\/index.php\/wp-json\/wp\/v2\/types\/page"}],"author":[{"embeddable":true,"href":"https:\/\/ti-qubit.com.br\/index.php\/wp-json\/wp\/v2\/users\/1"}],"replies":[{"embeddable":true,"href":"https:\/\/ti-qubit.com.br\/index.php\/wp-json\/wp\/v2\/comments?post=71"}],"version-history":[{"count":4,"href":"https:\/\/ti-qubit.com.br\/index.php\/wp-json\/wp\/v2\/pages\/71\/revisions"}],"predecessor-version":[{"id":99,"href":"https:\/\/ti-qubit.com.br\/index.php\/wp-json\/wp\/v2\/pages\/71\/revisions\/99"}],"wp:attachment":[{"href":"https:\/\/ti-qubit.com.br\/index.php\/wp-json\/wp\/v2\/media?parent=71"}],"curies":[{"name":"wp","href":"https:\/\/api.w.org\/{rel}","templated":true}]}}